{"id":15,"date":"2025-11-14T14:45:18","date_gmt":"2025-11-14T13:45:18","guid":{"rendered":"https:\/\/stella-ndrc25.se-formation.fr\/?page_id=15"},"modified":"2025-11-14T15:16:24","modified_gmt":"2025-11-14T14:16:24","slug":"a-propos-de-moi","status":"publish","type":"page","link":"https:\/\/stella-ndrc25.se-formation.fr\/index.php\/a-propos-de-moi\/","title":{"rendered":"A propos de moi"},"content":{"rendered":"\n<h2 class=\"wp-block-heading has-text-color has-link-color wp-elements-68f91fb03d2e237e34579338cbb3c3d6\" style=\"color:#cf2d7a\">PROFIL<\/h2>\n\n\n\n<p>Je suis en BTS NDRC \u00e0 l&#8217;IFC. Je suis une personne dynamique et ambitieuse, capable de g\u00e9rer plusieurs t\u00e2ches \u00e0 la fois et de travailler en \u00e9quipe. J\u2019ai effectu\u00e9 un stage en Irlande dans une boutique de pr\u00eat \u00e0 porter dans le cadre d\u2019Erasmus; ce qui m\u2019a permis de prendre confiance en moi et d\u2019\u00e9voluer.<\/p>\n\n\n\n<h2 class=\"wp-block-heading has-text-color has-link-color wp-elements-3f8fb63aad7aa1a67a1b6835b790c5bb\" style=\"color:#cf2d75\">EXP\u00c9RIENCE PROFESSIONELLES<\/h2>\n\n\n\n<ul class=\"wp-block-list\">\n<li>2025 ( 3 semaines )<\/li>\n<\/ul>\n\n\n\n<p>Des Petits Hauts \u00e0 Perpignan<\/p>\n\n\n\n<ul class=\"wp-block-list\">\n<li>2024 ( 3 semaines )<\/li>\n<\/ul>\n\n\n\n<p>Des Petits Hauts \u00e0 Perpignan<\/p>\n\n\n\n<ul class=\"wp-block-list\">\n<li>2024 ( 4 semaines )<\/li>\n<\/ul>\n\n\n\n<p>Devred \u00e0 Perpignan<\/p>\n\n\n\n<ul class=\"wp-block-list\">\n<li>2024 ( 4 semaines )<\/li>\n<\/ul>\n\n\n\n<p>Born en Irlande dans le cadre d\u2019Erasmus<\/p>\n\n\n\n<ul class=\"wp-block-list\">\n<li>2023 ( 3 semaines )<\/li>\n<\/ul>\n\n\n\n<p>Devred \u00e0 Perpignan<\/p>\n\n\n\n<ul class=\"wp-block-list\">\n<li>2023 ( 3 semaines )<\/li>\n<\/ul>\n\n\n\n<p>By Sasha \u00e0 Perpignan<\/p>\n\n\n\n<ul class=\"wp-block-list\">\n<li>2021 ( 1 semaine )<\/li>\n<\/ul>\n\n\n\n<p>Parfum &amp; Fantaisie \u00e0 Toulouges<\/p>\n\n\n\n<h2 class=\"wp-block-heading has-text-color has-link-color wp-elements-4c450e87e9b85c34c9dfbde619377804\" style=\"color:#cf2d75\">COMP\u00c9TENCES PROFESSIONNELES <\/h2>\n\n\n\n<ul class=\"wp-block-list\">\n<li>Conseils clients<\/li>\n\n\n\n<li>R\u00e9agencement du magasin<\/li>\n\n\n\n<li>R\u00e9ception de commande<\/li>\n\n\n\n<li>\u00c9tiquetage des v\u00eatements<\/li>\n\n\n\n<li>R\u00e9ception marchandise <\/li>\n<\/ul>\n\n\n\n<h2 class=\"wp-block-heading has-text-color has-link-color wp-elements-f5ff163e103dc8cc5aec81a8e7340f8c\" style=\"color:#cf2d6f\">CONTACT<\/h2>\n\n\n\n<p>T\u00e9l\u00e9phone&nbsp;: 06-49-79-35-21<\/p>\n\n\n\n<p>E-mail&nbsp;: stellagenser66@gmail.com<\/p>\n\n\n\n<p>Adresse&nbsp;: 3 rue du pic N\u00e9oulous, 66100 Perpignan<\/p>\n\n\n\n<p>N\u00e9e le 12\/08\/07&nbsp;&nbsp;\u00e0 Perpignan<\/p>\n","protected":false},"excerpt":{"rendered":"<p>PROFIL Je suis en BTS NDRC \u00e0 l&#8217;IFC. Je suis une personne dynamique et ambitieuse, capable de g\u00e9rer plusieurs t\u00e2ches [&hellip;]<\/p>\n","protected":false},"author":1,"featured_media":0,"parent":0,"menu_order":0,"comment_status":"closed","ping_status":"closed","template":"","meta":{"_uag_custom_page_level_css":"","site-sidebar-layout":"default","site-content-layout":"","ast-site-content-layout":"default","site-content-style":"default","site-sidebar-style":"default","ast-global-header-display":"","ast-banner-title-visibility":"","ast-main-header-display":"","ast-hfb-above-header-display":"","ast-hfb-below-header-display":"","ast-hfb-mobile-header-display":"","site-post-title":"","ast-breadcrumbs-content":"","ast-featured-img":"","footer-sml-layout":"","theme-transparent-header-meta":"","adv-header-id-meta":"","stick-header-meta":"","header-above-stick-meta":"","header-main-stick-meta":"","header-below-stick-meta":"","astra-migrate-meta-layouts":"default","ast-page-background-enabled":"default","ast-page-background-meta":{"desktop":{"background-color":"var(--ast-global-color-5)","background-image":"","background-repeat":"repeat","background-position":"center center","background-size":"auto","background-attachment":"scroll","background-type":"","background-media":"","overlay-type":"","overlay-color":"","overlay-opacity":"","overlay-gradient":""},"tablet":{"background-color":"","background-image":"","background-repeat":"repeat","background-position":"center center","background-size":"auto","background-attachment":"scroll","background-type":"","background-media":"","overlay-type":"","overlay-color":"","overlay-opacity":"","overlay-gradient":""},"mobile":{"background-color":"","background-image":"","background-repeat":"repeat","background-position":"center center","background-size":"auto","background-attachment":"scroll","background-type":"","background-media":"","overlay-type":"","overlay-color":"","overlay-opacity":"","overlay-gradient":""}},"ast-content-background-meta":{"desktop":{"background-color":"var(--ast-global-color-4)","background-image":"","background-repeat":"repeat","background-position":"center center","background-size":"auto","background-attachment":"scroll","background-type":"","background-media":"","overlay-type":"","overlay-color":"","overlay-opacity":"","overlay-gradient":""},"tablet":{"background-color":"var(--ast-global-color-4)","background-image":"","background-repeat":"repeat","background-position":"center center","background-size":"auto","background-attachment":"scroll","background-type":"","background-media":"","overlay-type":"","overlay-color":"","overlay-opacity":"","overlay-gradient":""},"mobile":{"background-color":"var(--ast-global-color-4)","background-image":"","background-repeat":"repeat","background-position":"center center","background-size":"auto","background-attachment":"scroll","background-type":"","background-media":"","overlay-type":"","overlay-color":"","overlay-opacity":"","overlay-gradient":""}},"footnotes":""},"class_list":["post-15","page","type-page","status-publish","hentry"],"yoast_head":"<!-- This site is optimized with the Yoast SEO plugin v26.4 - https:\/\/yoast.com\/wordpress\/plugins\/seo\/ -->\n<title>A propos de moi - Stella Ndrc25 Se Formation<\/title>\n<meta name=\"robots\" content=\"index, follow, max-snippet:-1, max-image-preview:large, max-video-preview:-1\" \/>\n<link rel=\"canonical\" href=\"https:\/\/stella-ndrc25.se-formation.fr\/index.php\/a-propos-de-moi\/\" \/>\n<meta property=\"og:locale\" content=\"en_US\" \/>\n<meta property=\"og:type\" content=\"article\" \/>\n<meta property=\"og:title\" content=\"A propos de moi - Stella Ndrc25 Se Formation\" \/>\n<meta property=\"og:description\" content=\"PROFIL Je suis en BTS NDRC \u00e0 l&#8217;IFC. Je suis une personne dynamique et ambitieuse, capable de g\u00e9rer plusieurs t\u00e2ches [&hellip;]\" \/>\n<meta property=\"og:url\" content=\"https:\/\/stella-ndrc25.se-formation.fr\/index.php\/a-propos-de-moi\/\" \/>\n<meta property=\"og:site_name\" content=\"Stella Ndrc25 Se Formation\" \/>\n<meta property=\"article:modified_time\" content=\"2025-11-14T14:16:24+00:00\" \/>\n<meta name=\"twitter:card\" content=\"summary_large_image\" \/>\n<meta name=\"twitter:label1\" content=\"Est. reading time\" \/>\n\t<meta name=\"twitter:data1\" content=\"1 minute\" \/>\n<script type=\"application\/ld+json\" class=\"yoast-schema-graph\">{\"@context\":\"https:\/\/schema.org\",\"@graph\":[{\"@type\":\"WebPage\",\"@id\":\"https:\/\/stella-ndrc25.se-formation.fr\/index.php\/a-propos-de-moi\/\",\"url\":\"https:\/\/stella-ndrc25.se-formation.fr\/index.php\/a-propos-de-moi\/\",\"name\":\"A propos de moi - Stella Ndrc25 Se Formation\",\"isPartOf\":{\"@id\":\"https:\/\/stella-ndrc25.se-formation.fr\/#website\"},\"datePublished\":\"2025-11-14T13:45:18+00:00\",\"dateModified\":\"2025-11-14T14:16:24+00:00\",\"breadcrumb\":{\"@id\":\"https:\/\/stella-ndrc25.se-formation.fr\/index.php\/a-propos-de-moi\/#breadcrumb\"},\"inLanguage\":\"en-US\",\"potentialAction\":[{\"@type\":\"ReadAction\",\"target\":[\"https:\/\/stella-ndrc25.se-formation.fr\/index.php\/a-propos-de-moi\/\"]}]},{\"@type\":\"BreadcrumbList\",\"@id\":\"https:\/\/stella-ndrc25.se-formation.fr\/index.php\/a-propos-de-moi\/#breadcrumb\",\"itemListElement\":[{\"@type\":\"ListItem\",\"position\":1,\"name\":\"Accueil\",\"item\":\"https:\/\/stella-ndrc25.se-formation.fr\/\"},{\"@type\":\"ListItem\",\"position\":2,\"name\":\"A propos de moi\"}]},{\"@type\":\"WebSite\",\"@id\":\"https:\/\/stella-ndrc25.se-formation.fr\/#website\",\"url\":\"https:\/\/stella-ndrc25.se-formation.fr\/\",\"name\":\"Stella Ndrc25 Se Formation\",\"description\":\"\",\"potentialAction\":[{\"@type\":\"SearchAction\",\"target\":{\"@type\":\"EntryPoint\",\"urlTemplate\":\"https:\/\/stella-ndrc25.se-formation.fr\/?s={search_term_string}\"},\"query-input\":{\"@type\":\"PropertyValueSpecification\",\"valueRequired\":true,\"valueName\":\"search_term_string\"}}],\"inLanguage\":\"en-US\"}]}<\/script>\n<!-- \/ Yoast SEO plugin. -->","yoast_head_json":{"title":"A propos de moi - Stella Ndrc25 Se Formation","robots":{"index":"index","follow":"follow","max-snippet":"max-snippet:-1","max-image-preview":"max-image-preview:large","max-video-preview":"max-video-preview:-1"},"canonical":"https:\/\/stella-ndrc25.se-formation.fr\/index.php\/a-propos-de-moi\/","og_locale":"en_US","og_type":"article","og_title":"A propos de moi - Stella Ndrc25 Se Formation","og_description":"PROFIL Je suis en BTS NDRC \u00e0 l&#8217;IFC. Je suis une personne dynamique et ambitieuse, capable de g\u00e9rer plusieurs t\u00e2ches [&hellip;]","og_url":"https:\/\/stella-ndrc25.se-formation.fr\/index.php\/a-propos-de-moi\/","og_site_name":"Stella Ndrc25 Se Formation","article_modified_time":"2025-11-14T14:16:24+00:00","twitter_card":"summary_large_image","twitter_misc":{"Est. reading time":"1 minute"},"schema":{"@context":"https:\/\/schema.org","@graph":[{"@type":"WebPage","@id":"https:\/\/stella-ndrc25.se-formation.fr\/index.php\/a-propos-de-moi\/","url":"https:\/\/stella-ndrc25.se-formation.fr\/index.php\/a-propos-de-moi\/","name":"A propos de moi - Stella Ndrc25 Se Formation","isPartOf":{"@id":"https:\/\/stella-ndrc25.se-formation.fr\/#website"},"datePublished":"2025-11-14T13:45:18+00:00","dateModified":"2025-11-14T14:16:24+00:00","breadcrumb":{"@id":"https:\/\/stella-ndrc25.se-formation.fr\/index.php\/a-propos-de-moi\/#breadcrumb"},"inLanguage":"en-US","potentialAction":[{"@type":"ReadAction","target":["https:\/\/stella-ndrc25.se-formation.fr\/index.php\/a-propos-de-moi\/"]}]},{"@type":"BreadcrumbList","@id":"https:\/\/stella-ndrc25.se-formation.fr\/index.php\/a-propos-de-moi\/#breadcrumb","itemListElement":[{"@type":"ListItem","position":1,"name":"Accueil","item":"https:\/\/stella-ndrc25.se-formation.fr\/"},{"@type":"ListItem","position":2,"name":"A propos de moi"}]},{"@type":"WebSite","@id":"https:\/\/stella-ndrc25.se-formation.fr\/#website","url":"https:\/\/stella-ndrc25.se-formation.fr\/","name":"Stella Ndrc25 Se Formation","description":"","potentialAction":[{"@type":"SearchAction","target":{"@type":"EntryPoint","urlTemplate":"https:\/\/stella-ndrc25.se-formation.fr\/?s={search_term_string}"},"query-input":{"@type":"PropertyValueSpecification","valueRequired":true,"valueName":"search_term_string"}}],"inLanguage":"en-US"}]}},"uagb_featured_image_src":{"full":false,"thumbnail":false,"medium":false,"medium_large":false,"large":false,"1536x1536":false,"2048x2048":false,"woocommerce_thumbnail":false,"woocommerce_single":false,"woocommerce_gallery_thumbnail":false},"uagb_author_info":{"display_name":"stella","author_link":"https:\/\/stella-ndrc25.se-formation.fr\/index.php\/author\/stella\/"},"uagb_comment_info":0,"uagb_excerpt":"PROFIL Je suis en BTS NDRC \u00e0 l&#8217;IFC. Je suis une personne dynamique et ambitieuse, capable de g\u00e9rer plusieurs t\u00e2ches [&hellip;]","_links":{"self":[{"href":"https:\/\/stella-ndrc25.se-formation.fr\/index.php\/wp-json\/wp\/v2\/pages\/15","targetHints":{"allow":["GET"]}}],"collection":[{"href":"https:\/\/stella-ndrc25.se-formation.fr\/index.php\/wp-json\/wp\/v2\/pages"}],"about":[{"href":"https:\/\/stella-ndrc25.se-formation.fr\/index.php\/wp-json\/wp\/v2\/types\/page"}],"author":[{"embeddable":true,"href":"https:\/\/stella-ndrc25.se-formation.fr\/index.php\/wp-json\/wp\/v2\/users\/1"}],"replies":[{"embeddable":true,"href":"https:\/\/stella-ndrc25.se-formation.fr\/index.php\/wp-json\/wp\/v2\/comments?post=15"}],"version-history":[{"count":2,"href":"https:\/\/stella-ndrc25.se-formation.fr\/index.php\/wp-json\/wp\/v2\/pages\/15\/revisions"}],"predecessor-version":[{"id":20,"href":"https:\/\/stella-ndrc25.se-formation.fr\/index.php\/wp-json\/wp\/v2\/pages\/15\/revisions\/20"}],"wp:attachment":[{"href":"https:\/\/stella-ndrc25.se-formation.fr\/index.php\/wp-json\/wp\/v2\/media?parent=15"}],"curies":[{"name":"wp","href":"https:\/\/api.w.org\/{rel}","templated":true}]}}